{"id":21,"date":"2017-06-19T07:07:39","date_gmt":"2017-06-19T07:07:39","guid":{"rendered":"http:\/\/www.hibedanismani.com\/?page_id=21"},"modified":"2020-12-08T13:23:30","modified_gmt":"2020-12-08T13:23:30","slug":"services","status":"publish","type":"page","link":"https:\/\/www.hibedanismani.com\/?page_id=21","title":{"rendered":"Hibe Projeleri"},"content":{"rendered":"\t\t<div data-elementor-type=\"wp-post\" data-elementor-id=\"21\" class=\"elementor elementor-21\">\n\t\t\t\t\t\t<section class=\"elementor-section elementor-top-section elementor-element elementor-element-2296c7ec elementor-section-stretched elementor-section-height-min-height elementor-section-boxed elementor-section-height-default elementor-section-items-middle elementor-invisible\" data-id=\"2296c7ec\" data-element_type=\"section\" data-settings=\"{&quot;background_background&quot;:&quot;classic&quot;,&quot;stretch_section&quot;:&quot;section-stretched&quot;,&quot;animation&quot;:&quot;fadeIn&quot;}\">\n\t\t\t\t\t\t\t<div class=\"elementor-background-overlay\"><\/div>\n\t\t\t\t\t\t\t<div class=\"elementor-container elementor-column-gap-no\">\n\t\t\t\t\t<div class=\"elementor-column elementor-col-100 elementor-top-column elementor-element elementor-element-3b479c2e\" data-id=\"3b479c2e\" data-element_type=\"column\">\n\t\t\t<div class=\"elementor-widget-wrap elementor-element-populated\">\n\t\t\t\t\t\t<div class=\"elementor-element elementor-element-61501058 elementor-widget elementor-widget-heading\" data-id=\"61501058\" data-element_type=\"widget\" data-widget_type=\"heading.default\">\n\t\t\t\t<div class=\"elementor-widget-container\">\n\t\t\t\t\t<h1 class=\"elementor-heading-title elementor-size-default\">Hibe Projeleri<\/h1>\t\t\t\t<\/div>\n\t\t\t\t<\/div>\n\t\t\t\t\t<\/div>\n\t\t<\/div>\n\t\t\t\t\t<\/div>\n\t\t<\/section>\n\t\t\t\t<section class=\"elementor-section elementor-top-section elementor-element elementor-element-321138fc elementor-section-stretched elementor-section-boxed elementor-section-height-default elementor-section-height-default\" data-id=\"321138fc\" data-element_type=\"section\" data-settings=\"{&quot;stretch_section&quot;:&quot;section-stretched&quot;,&quot;background_background&quot;:&quot;classic&quot;}\">\n\t\t\t\t\t\t<div class=\"elementor-container elementor-column-gap-no\">\n\t\t\t\t\t<div class=\"elementor-column elementor-col-100 elementor-top-column elementor-element elementor-element-6307ba6f\" data-id=\"6307ba6f\" data-element_type=\"column\">\n\t\t\t<div class=\"elementor-widget-wrap elementor-element-populated\">\n\t\t\t\t\t\t<section class=\"elementor-section elementor-inner-section elementor-element elementor-element-53703a79 elementor-section-boxed elementor-section-height-default elementor-section-height-default\" data-id=\"53703a79\" data-element_type=\"section\">\n\t\t\t\t\t\t<div class=\"elementor-container elementor-column-gap-no\">\n\t\t\t\t\t<div class=\"elementor-column elementor-col-100 elementor-inner-column elementor-element elementor-element-6c82d370\" data-id=\"6c82d370\" data-element_type=\"column\">\n\t\t\t<div class=\"elementor-widget-wrap elementor-element-populated\">\n\t\t\t\t\t\t<div class=\"elementor-element elementor-element-7cd3c571 elementor-widget elementor-widget-heading\" data-id=\"7cd3c571\" data-element_type=\"widget\" data-widget_type=\"heading.default\">\n\t\t\t\t<div class=\"elementor-widget-container\">\n\t\t\t\t\t<h2 class=\"elementor-heading-title elementor-size-default\">PROJELER<\/h2>\t\t\t\t<\/div>\n\t\t\t\t<\/div>\n\t\t\t\t<div class=\"elementor-element elementor-element-281729d4 elementor-widget elementor-widget-text-editor\" data-id=\"281729d4\" data-element_type=\"widget\" data-widget_type=\"text-editor.default\">\n\t\t\t\t<div class=\"elementor-widget-container\">\n\t\t\t\t\t\t\t\t\t<p>Desteklerinden yararlanabilece\u011finiz projeler;<\/p>\t\t\t\t\t\t\t\t<\/div>\n\t\t\t\t<\/div>\n\t\t\t\t\t<\/div>\n\t\t<\/div>\n\t\t\t\t\t<\/div>\n\t\t<\/section>\n\t\t\t\t<section class=\"elementor-section elementor-inner-section elementor-element elementor-element-68093ab elementor-section-boxed elementor-section-height-default elementor-section-height-default\" data-id=\"68093ab\" data-element_type=\"section\">\n\t\t\t\t\t\t<div class=\"elementor-container elementor-column-gap-default\">\n\t\t\t\t\t<div class=\"elementor-column elementor-col-33 elementor-inner-column elementor-element elementor-element-05fe487\" data-id=\"05fe487\" data-element_type=\"column\" data-settings=\"{&quot;background_background&quot;:&quot;classic&quot;}\">\n\t\t\t<div class=\"elementor-widget-wrap elementor-element-populated\">\n\t\t\t\t\t\t<div class=\"elementor-element elementor-element-9fbae5e elementor-position-top elementor-widget elementor-widget-image-box\" data-id=\"9fbae5e\" data-element_type=\"widget\" data-widget_type=\"image-box.default\">\n\t\t\t\t<div class=\"elementor-widget-container\">\n\t\t\t\t\t<div class=\"elementor-image-box-wrapper\"><figure class=\"elementor-image-box-img\"><img fetchpriority=\"high\" decoding=\"async\" width=\"750\" height=\"422\" src=\"https:\/\/www.hibedanismani.com\/wp-content\/uploads\/2020\/11\/55ea7775f018fbb8f881d109.png\" class=\"attachment-full size-full wp-image-1560\" alt=\"\" srcset=\"https:\/\/www.hibedanismani.com\/wp-content\/uploads\/2020\/11\/55ea7775f018fbb8f881d109.png 750w, https:\/\/www.hibedanismani.com\/wp-content\/uploads\/2020\/11\/55ea7775f018fbb8f881d109-300x169.png 300w\" sizes=\"(max-width: 750px) 100vw, 750px\" \/><\/figure><div class=\"elementor-image-box-content\"><h4 class=\"elementor-image-box-title\">KOSGEB<\/h4><p class=\"elementor-image-box-description\">Giri\u015fimcilik Destekleri-\nAR-GE, Teknolojik \u00dcretim ve Yerlile\u015ftirme Destekleri-\u0130\u015fletme Geli\u015ftirme, B\u00fcy\u00fcme ve Uluslararas\u0131la\u015fma Destekleri-KOB\u0130 Finansman Destekleri-\u0130\u015eGEM\/TEKMER Program\u0131-Laboratuvar Hizmetleri-Rehberlik ve Dan\u0131\u015fmanl\u0131k Hizmetleri<\/p><\/div><\/div>\t\t\t\t<\/div>\n\t\t\t\t<\/div>\n\t\t\t\t\t<\/div>\n\t\t<\/div>\n\t\t\t\t<div class=\"elementor-column elementor-col-33 elementor-inner-column elementor-element elementor-element-1d0def0\" data-id=\"1d0def0\" data-element_type=\"column\" data-settings=\"{&quot;background_background&quot;:&quot;classic&quot;}\">\n\t\t\t<div class=\"elementor-widget-wrap elementor-element-populated\">\n\t\t\t\t\t\t<div class=\"elementor-element elementor-element-561375a elementor-position-top elementor-widget elementor-widget-image-box\" data-id=\"561375a\" data-element_type=\"widget\" data-widget_type=\"image-box.default\">\n\t\t\t\t<div class=\"elementor-widget-container\">\n\t\t\t\t\t<div class=\"elementor-image-box-wrapper\"><figure class=\"elementor-image-box-img\"><img decoding=\"async\" width=\"600\" height=\"400\" src=\"https:\/\/www.hibedanismani.com\/wp-content\/uploads\/2020\/11\/fotoYok.png\" class=\"attachment-full size-full wp-image-1559\" alt=\"\" srcset=\"https:\/\/www.hibedanismani.com\/wp-content\/uploads\/2020\/11\/fotoYok.png 600w, https:\/\/www.hibedanismani.com\/wp-content\/uploads\/2020\/11\/fotoYok-300x200.png 300w\" sizes=\"(max-width: 600px) 100vw, 600px\" \/><\/figure><div class=\"elementor-image-box-content\"><h4 class=\"elementor-image-box-title\">TKDK PROJELER\u0130<\/h4><p class=\"elementor-image-box-description\"><b>-101<\/b>(S\u00fct \u00dcreten Tar\u0131msal \u0130\u015fletmeler,K\u0131rm\u0131z\u0131 Et \u00dcreten Tar\u0131msal \u0130\u015fletmeler,Kanatl\u0131 Eti \u00dcreten Tar\u0131msal \u0130\u015fletmeler,Yumurta \u00dcreten Tar\u0131msal \u0130\u015fletmeler)<div><b><u>-103<\/u><\/b>(S\u00fct ve S\u00fct \u00dcr\u00fcnlerinin \u0130\u015flenmesi ve Pazarlanmas\u0131,K\u0131rm\u0131z\u0131 Et ve Et \u00dcr\u00fcnlerinin \u0130\u015flenmesi ve Pazarlanmas\u0131,Kanatl\u0131 Eti ve Et \u00dcr\u00fcnlerinin \u0130\u015flenmesi ve Pazarlanmas\u0131,Su \u00dcr\u00fcnlerinin \u0130\u015flenmesi ve Pazarlanmas\u0131,Meyve ve Sebze \u00dcr\u00fcnlerinin \u0130\u015flenmesi ve Pazarlanmas\u0131<div><b><u>-201<\/u><\/b>(Toprak \u00d6rt\u00fcs\u00fc Y\u00f6netimi ve Toprak Erozyonu Kontrol\u00fc)<div><b><u>-202<\/u><\/b>(LEADER Yakla\u015f\u0131m\u0131-Yerel Kalk\u0131nma Stratejilerinin Uygulanmas\u0131)<div><b><u>-302<\/u><\/b>(Bitkisel \u00dcretimin \u00c7e\u015fitlendirilmesi ve Bitkisel \u00dcr\u00fcnlerin \u0130\u015flenmesi ve Paketlenmesi,Ar\u0131c\u0131l\u0131k ve Ar\u0131 \u00dcr\u00fcnlerinin \u00dcretimi, \u0130\u015flenmesi ve Paketlenmesi,Zanaatkarl\u0131k ve Yerel \u00dcr\u00fcn \u0130\u015fletmeleri,Su \u00dcr\u00fcnleri Yeti\u015ftiricili\u011fi,Makine Parklar\u0131,Yenilenebilir Enerji Yat\u0131r\u0131mlar\u0131)<span style=\"font-size: 16px\"><\/span><\/div><\/div><\/div><\/div><\/p><\/div><\/div>\t\t\t\t<\/div>\n\t\t\t\t<\/div>\n\t\t\t\t\t<\/div>\n\t\t<\/div>\n\t\t\t\t<div class=\"elementor-column elementor-col-33 elementor-inner-column elementor-element elementor-element-ef1baf4\" data-id=\"ef1baf4\" data-element_type=\"column\" data-settings=\"{&quot;background_background&quot;:&quot;classic&quot;}\">\n\t\t\t<div class=\"elementor-widget-wrap elementor-element-populated\">\n\t\t\t\t\t\t<div class=\"elementor-element elementor-element-8f4e8a6 elementor-position-top elementor-widget elementor-widget-image-box\" data-id=\"8f4e8a6\" data-element_type=\"widget\" data-widget_type=\"image-box.default\">\n\t\t\t\t<div class=\"elementor-widget-container\">\n\t\t\t\t\t<div class=\"elementor-image-box-wrapper\"><figure class=\"elementor-image-box-img\"><img decoding=\"async\" width=\"220\" height=\"220\" src=\"https:\/\/www.hibedanismani.com\/wp-content\/uploads\/2020\/11\/Sanayi-ve-Teknoloji-Bakanligi.png\" class=\"attachment-large size-large wp-image-1569\" alt=\"\" srcset=\"https:\/\/www.hibedanismani.com\/wp-content\/uploads\/2020\/11\/Sanayi-ve-Teknoloji-Bakanligi.png 220w, https:\/\/www.hibedanismani.com\/wp-content\/uploads\/2020\/11\/Sanayi-ve-Teknoloji-Bakanligi-150x150.png 150w\" sizes=\"(max-width: 220px) 100vw, 220px\" \/><\/figure><div class=\"elementor-image-box-content\"><h4 class=\"elementor-image-box-title\">Sanayi Ve Teknoloji   Bakanl\u0131\u011f\u0131<br><br>Yat\u0131r\u0131m Te\u015fvik Uygulamas\u0131<\/h4><p class=\"elementor-image-box-description\">-B\u00f6lgesel Te\u015fvik<div>                                      \n-\u00d6ncelikli Yat\u0131r\u0131m Konular\u0131<div>\n-Stratejik Yat\u0131r\u0131mlar<div>\n-B\u00fcy\u00fck \u00d6l\u00e7ekli Yat\u0131r\u0131mlar<div>\n-Genel Te\u015fvik<\/div><\/p><\/div><\/div>\t\t\t\t<\/div>\n\t\t\t\t<\/div>\n\t\t\t\t\t<\/div>\n\t\t<\/div>\n\t\t\t\t\t<\/div>\n\t\t<\/section>\n\t\t\t\t<section class=\"elementor-section elementor-inner-section elementor-element elementor-element-efbb438 elementor-section-boxed elementor-section-height-default elementor-section-height-default\" data-id=\"efbb438\" data-element_type=\"section\">\n\t\t\t\t\t\t<div class=\"elementor-container elementor-column-gap-default\">\n\t\t\t\t\t<div class=\"elementor-column elementor-col-33 elementor-inner-column elementor-element elementor-element-cc7bcc6\" data-id=\"cc7bcc6\" data-element_type=\"column\" data-settings=\"{&quot;background_background&quot;:&quot;classic&quot;}\">\n\t\t\t<div class=\"elementor-widget-wrap elementor-element-populated\">\n\t\t\t\t\t\t<div class=\"elementor-element elementor-element-bb44113 elementor-position-top elementor-widget elementor-widget-image-box\" data-id=\"bb44113\" data-element_type=\"widget\" data-widget_type=\"image-box.default\">\n\t\t\t\t<div class=\"elementor-widget-container\">\n\t\t\t\t\t<div class=\"elementor-image-box-wrapper\"><figure class=\"elementor-image-box-img\"><img loading=\"lazy\" decoding=\"async\" width=\"1024\" height=\"1024\" src=\"https:\/\/www.hibedanismani.com\/wp-content\/uploads\/2020\/11\/1-0.png\" class=\"attachment-full size-full wp-image-1572\" alt=\"\" srcset=\"https:\/\/www.hibedanismani.com\/wp-content\/uploads\/2020\/11\/1-0.png 1024w, https:\/\/www.hibedanismani.com\/wp-content\/uploads\/2020\/11\/1-0-300x300.png 300w, https:\/\/www.hibedanismani.com\/wp-content\/uploads\/2020\/11\/1-0-150x150.png 150w, https:\/\/www.hibedanismani.com\/wp-content\/uploads\/2020\/11\/1-0-768x768.png 768w\" sizes=\"(max-width: 1024px) 100vw, 1024px\" \/><\/figure><div class=\"elementor-image-box-content\"><h4 class=\"elementor-image-box-title\">Tar\u0131m Ve Ormanc\u0131l\u0131k Bakanl\u0131\u011f\u0131<\/h4><p class=\"elementor-image-box-description\">Tar\u0131msal destekleme programlar\u0131n\u0131n y\u00fcr\u00fct\u00fclmesine ili\u015fkin tar\u0131m sekt\u00f6r\u00fcne uygulanan hibeler ve destekler (\u0130PARD, GAP, DAP) i\u00e7in, belirtilen usul ve esaslar \u00e7er\u00e7evesinde profesyonel dan\u0131\u015fmanl\u0131k hizmetleri vermekteyiz.\u200b<\/p><\/div><\/div>\t\t\t\t<\/div>\n\t\t\t\t<\/div>\n\t\t\t\t\t<\/div>\n\t\t<\/div>\n\t\t\t\t<div class=\"elementor-column elementor-col-33 elementor-inner-column elementor-element elementor-element-5cbf899\" data-id=\"5cbf899\" data-element_type=\"column\" data-settings=\"{&quot;background_background&quot;:&quot;classic&quot;}\">\n\t\t\t<div class=\"elementor-widget-wrap elementor-element-populated\">\n\t\t\t\t\t\t<div class=\"elementor-element elementor-element-b324e46 elementor-position-top elementor-widget elementor-widget-image-box\" data-id=\"b324e46\" data-element_type=\"widget\" data-widget_type=\"image-box.default\">\n\t\t\t\t<div class=\"elementor-widget-container\">\n\t\t\t\t\t<div class=\"elementor-image-box-wrapper\"><figure class=\"elementor-image-box-img\"><img loading=\"lazy\" decoding=\"async\" width=\"275\" height=\"87\" src=\"https:\/\/www.hibedanismani.com\/wp-content\/uploads\/2020\/11\/logo.png\" class=\"attachment-full size-full wp-image-1631\" alt=\"\" \/><\/figure><div class=\"elementor-image-box-content\"><h4 class=\"elementor-image-box-title\">Ticaret Bakanl\u0131\u011f\u0131<\/h4><p class=\"elementor-image-box-description\">\u0130HRACAT DESTEKLER\u0130<div>\nFirmalar\u0131m\u0131z\u0131n uluslararas\u0131 pazarda rekabet g\u00fcc\u00fc kazanmalar\u0131na olanak sa\u011flayan ve haz\u0131rl\u0131k \/ pazarlama \/ markala\u015fma s\u00fcre\u00e7lerini kapsayan destekler.<div>\nYATIRIM DESTEKLER\u0130 \nyat\u0131r\u0131m Te\u015fvik Sistemi, Ba\u015fvuru ve Ba\u015fvuru Usulleri, Te\u015fvik Ara\u00e7lar\u0131, Uygulamalar ve Sunumlar.<\/div>\nH\u0130ZMET SEKT\u00d6R\u00dc DESTEKLER\u0130\nTeknik m\u00fc\u015favirlik, sa\u011fl\u0131k turizmi, film, e\u011fitim, bili\u015fim ve y\u00f6netim dan\u0131\u015fmanl\u0131\u011f\u0131 gibi hizmet sekt\u00f6rlerinin ticaretinin desteklenmesine ve markala\u015fmas\u0131na y\u00f6nelik destekler.<\/p><\/div><\/div>\t\t\t\t<\/div>\n\t\t\t\t<\/div>\n\t\t\t\t\t<\/div>\n\t\t<\/div>\n\t\t\t\t<div class=\"elementor-column elementor-col-33 elementor-inner-column elementor-element elementor-element-f0e9f83\" data-id=\"f0e9f83\" data-element_type=\"column\" data-settings=\"{&quot;background_background&quot;:&quot;classic&quot;}\">\n\t\t\t<div class=\"elementor-widget-wrap\">\n\t\t\t\t\t\t\t<\/div>\n\t\t<\/div>\n\t\t\t\t\t<\/div>\n\t\t<\/section>\n\t\t\t\t\t<\/div>\n\t\t<\/div>\n\t\t\t\t\t<\/div>\n\t\t<\/section>\n\t\t\t\t<\/div>\n\t\t","protected":false},"excerpt":{"rendered":"<p>Hibe Projeleri PROJELER Desteklerinden yararlanabilece\u011finiz projeler; KOSGEB Giri\u015fimcilik Destekleri- AR-GE, Teknolojik \u00dcretim ve Yerlile\u015ftirme Destekleri-\u0130\u015fletme Geli\u015ftirme, B\u00fcy\u00fcme ve Uluslararas\u0131la\u015fma Destekleri-KOB\u0130 Finansman Destekleri-\u0130\u015eGEM\/TEKMER Program\u0131-Laboratuvar Hizmetleri-Rehberlik ve Dan\u0131\u015fmanl\u0131k Hizmetleri TKDK PROJELER\u0130 -101(S\u00fct \u00dcreten Tar\u0131msal \u0130\u015fletmeler,K\u0131rm\u0131z\u0131 Et \u00dcreten Tar\u0131msal \u0130\u015fletmeler,Kanatl\u0131 Eti \u00dcreten Tar\u0131msal \u0130\u015fletmeler,Yumurta \u00dcreten Tar\u0131msal \u0130\u015fletmeler)-103(S\u00fct ve S\u00fct \u00dcr\u00fcnlerinin \u0130\u015flenmesi ve Pazarlanmas\u0131,K\u0131rm\u0131z\u0131 Et ve Et \u00dcr\u00fcnlerinin \u0130\u015flenmesi [&hellip;]<\/p>\n","protected":false},"author":1,"featured_media":0,"parent":0,"menu_order":0,"comment_status":"closed","ping_status":"closed","template":"","meta":{"site-sidebar-layout":"no-sidebar","site-content-layout":"page-builder","ast-site-content-layout":"default","site-content-style":"default","site-sidebar-style":"default","ast-global-header-display":"","ast-banner-title-visibility":"","ast-main-header-display":"","ast-hfb-above-header-display":"","ast-hfb-below-header-display":"","ast-hfb-mobile-header-display":"","site-post-title":"disabled","ast-breadcrumbs-content":"","ast-featured-img":"disabled","footer-sml-layout":"","theme-transparent-header-meta":"enabled","adv-header-id-meta":"","stick-header-meta":"","header-above-stick-meta":"","header-main-stick-meta":"","header-below-stick-meta":"","astra-migrate-meta-layouts":"default","ast-page-background-enabled":"default","ast-page-background-meta":{"desktop":{"background-color":"var(--ast-global-color-4)","background-image":"","background-repeat":"repeat","background-position":"center center","background-size":"auto","background-attachment":"scroll","background-type":"","background-media":"","overlay-type":"","overlay-color":"","overlay-opacity":"","overlay-gradient":""},"tablet":{"background-color":"","background-image":"","background-repeat":"repeat","background-position":"center center","background-size":"auto","background-attachment":"scroll","background-type":"","background-media":"","overlay-type":"","overlay-color":"","overlay-opacity":"","overlay-gradient":""},"mobile":{"background-color":"","background-image":"","background-repeat":"repeat","background-position":"center center","background-size":"auto","background-attachment":"scroll","background-type":"","background-media":"","overlay-type":"","overlay-color":"","overlay-opacity":"","overlay-gradient":""}},"ast-content-background-meta":{"desktop":{"background-color":"var(--ast-global-color-5)","background-image":"","background-repeat":"repeat","background-position":"center center","background-size":"auto","background-attachment":"scroll","background-type":"","background-media":"","overlay-type":"","overlay-color":"","overlay-opacity":"","overlay-gradient":""},"tablet":{"background-color":"var(--ast-global-color-5)","background-image":"","background-repeat":"repeat","background-position":"center center","background-size":"auto","background-attachment":"scroll","background-type":"","background-media":"","overlay-type":"","overlay-color":"","overlay-opacity":"","overlay-gradient":""},"mobile":{"background-color":"var(--ast-global-color-5)","background-image":"","background-repeat":"repeat","background-position":"center center","background-size":"auto","background-attachment":"scroll","background-type":"","background-media":"","overlay-type":"","overlay-color":"","overlay-opacity":"","overlay-gradient":""}},"footnotes":""},"class_list":["post-21","page","type-page","status-publish","hentry"],"_links":{"self":[{"href":"https:\/\/www.hibedanismani.com\/index.php?rest_route=\/wp\/v2\/pages\/21","targetHints":{"allow":["GET"]}}],"collection":[{"href":"https:\/\/www.hibedanismani.com\/index.php?rest_route=\/wp\/v2\/pages"}],"about":[{"href":"https:\/\/www.hibedanismani.com\/index.php?rest_route=\/wp\/v2\/types\/page"}],"author":[{"embeddable":true,"href":"https:\/\/www.hibedanismani.com\/index.php?rest_route=\/wp\/v2\/users\/1"}],"replies":[{"embeddable":true,"href":"https:\/\/www.hibedanismani.com\/index.php?rest_route=%2Fwp%2Fv2%2Fcomments&post=21"}],"version-history":[{"count":54,"href":"https:\/\/www.hibedanismani.com\/index.php?rest_route=\/wp\/v2\/pages\/21\/revisions"}],"predecessor-version":[{"id":1651,"href":"https:\/\/www.hibedanismani.com\/index.php?rest_route=\/wp\/v2\/pages\/21\/revisions\/1651"}],"wp:attachment":[{"href":"https:\/\/www.hibedanismani.com\/index.php?rest_route=%2Fwp%2Fv2%2Fmedia&parent=21"}],"curies":[{"name":"wp","href":"https:\/\/api.w.org\/{rel}","templated":true}]}}