{"id":1512,"date":"2020-11-20T08:40:03","date_gmt":"2020-11-20T08:40:03","guid":{"rendered":"https:\/\/www.hibedanismani.com\/?page_id=1512"},"modified":"2020-11-21T07:53:17","modified_gmt":"2020-11-21T07:53:17","slug":"fiyatlar","status":"publish","type":"page","link":"https:\/\/www.hibedanismani.com\/?page_id=1512","title":{"rendered":"Fiyatlar"},"content":{"rendered":"\n<div class=\"wp-block-image\"><figure class=\"alignleft size-large is-resized\"><img decoding=\"async\" src=\"https:\/\/www.hibedanismani.com\/wp-content\/uploads\/2020\/11\/55ea7775f018fbb8f881d109.png\" alt=\"\" class=\"wp-image-1560\" width=\"231\" height=\"130\" srcset=\"https:\/\/www.hibedanismani.com\/wp-content\/uploads\/2020\/11\/55ea7775f018fbb8f881d109.png 750w, https:\/\/www.hibedanismani.com\/wp-content\/uploads\/2020\/11\/55ea7775f018fbb8f881d109-300x169.png 300w\" sizes=\"(max-width: 231px) 100vw, 231px\" \/><\/figure><\/div>\n\n\n\n<p><strong><em>Kosgeb Yurtd\u0131\u015f\u0131 Pazar<\/em><\/strong><\/p>\n\n\n\n<p>Personel Giderleri<\/p>\n\n\n\n<p>Donan\u0131m Giderleri<\/p>\n\n\n\n<p>Yaz\u0131l\u0131m Giderleri<\/p>\n\n\n\n<p>Tan\u0131t\u0131m Giderleri<\/p>\n\n\n\n<p>Yurt D\u0131\u015f\u0131 Fuar ve Seyahat Giderleri<\/p>\n\n\n\n<p>     Test \/ Analiz ve Belgelendirme Giderleri <\/p>\n\n\n\n<p>                                                                       Di\u011fer Hizmet Al\u0131m Giderleri<\/p>\n\n\n\n<p><\/p>\n\n\n\n<p><strong><em>TKDK<\/em><\/strong><\/p>\n\n\n\n<div class=\"wp-block-image\"><figure class=\"alignleft size-large is-resized\"><img fetchpriority=\"high\" decoding=\"async\" src=\"https:\/\/www.hibedanismani.com\/wp-content\/uploads\/2020\/11\/fotoYok.png\" alt=\"\" class=\"wp-image-1559\" width=\"281\" height=\"187\" srcset=\"https:\/\/www.hibedanismani.com\/wp-content\/uploads\/2020\/11\/fotoYok.png 600w, https:\/\/www.hibedanismani.com\/wp-content\/uploads\/2020\/11\/fotoYok-300x200.png 300w\" sizes=\"(max-width: 281px) 100vw, 281px\" \/><\/figure><\/div>\n\n\n\n<p>&#8211; Kooperatiflerin mal al\u0131mlar\u0131nda<\/p>\n\n\n\n<p>&nbsp;&#8211; Hizmet al\u0131mlar\u0131nda<\/p>\n\n\n\n<p>&#8211; Nitelikli personel istihdam\u0131nda<\/p>\n\n\n\n<p><\/p>\n\n\n\n<div class=\"wp-block-image\"><figure class=\"alignleft size-large is-resized\"><img decoding=\"async\" src=\"https:\/\/www.hibedanismani.com\/wp-content\/uploads\/2020\/11\/bbf9703747316acccfe89da40b8411a3-1018x1024.png\" alt=\"\" class=\"wp-image-1561\" width=\"187\" height=\"188\" srcset=\"https:\/\/www.hibedanismani.com\/wp-content\/uploads\/2020\/11\/bbf9703747316acccfe89da40b8411a3-1018x1024.png 1018w, https:\/\/www.hibedanismani.com\/wp-content\/uploads\/2020\/11\/bbf9703747316acccfe89da40b8411a3-298x300.png 298w, https:\/\/www.hibedanismani.com\/wp-content\/uploads\/2020\/11\/bbf9703747316acccfe89da40b8411a3-150x150.png 150w, https:\/\/www.hibedanismani.com\/wp-content\/uploads\/2020\/11\/bbf9703747316acccfe89da40b8411a3-768x773.png 768w, https:\/\/www.hibedanismani.com\/wp-content\/uploads\/2020\/11\/bbf9703747316acccfe89da40b8411a3.png 1523w\" sizes=\"(max-width: 187px) 100vw, 187px\" \/><\/figure><\/div>\n\n\n\n<p><\/p>\n","protected":false},"excerpt":{"rendered":"<p>Kosgeb Yurtd\u0131\u015f\u0131 Pazar Personel Giderleri Donan\u0131m Giderleri Yaz\u0131l\u0131m Giderleri Tan\u0131t\u0131m Giderleri Yurt D\u0131\u015f\u0131 Fuar ve Seyahat Giderleri Test \/ Analiz ve Belgelendirme Giderleri Di\u011fer Hizmet Al\u0131m Giderleri TKDK &#8211; Kooperatiflerin mal al\u0131mlar\u0131nda &nbsp;&#8211; Hizmet al\u0131mlar\u0131nda &#8211; Nitelikli personel istihdam\u0131nda<\/p>\n","protected":false},"author":1,"featured_media":0,"parent":0,"menu_order":0,"comment_status":"closed","ping_status":"closed","template":"","meta":{"site-sidebar-layout":"default","site-content-layout":"default","ast-site-content-layout":"default","site-content-style":"default","site-sidebar-style":"default","ast-global-header-display":"","ast-banner-title-visibility":"","ast-main-header-display":"","ast-hfb-above-header-display":"","ast-hfb-below-header-display":"","ast-hfb-mobile-header-display":"","site-post-title":"","ast-breadcrumbs-content":"","ast-featured-img":"","footer-sml-layout":"","theme-transparent-header-meta":"default","adv-header-id-meta":"","stick-header-meta":"","header-above-stick-meta":"","header-main-stick-meta":"","header-below-stick-meta":"","astra-migrate-meta-layouts":"default","ast-page-background-enabled":"default","ast-page-background-meta":{"desktop":{"background-color":"var(--ast-global-color-4)","background-image":"","background-repeat":"repeat","background-position":"center center","background-size":"auto","background-attachment":"scroll","background-type":"","background-media":"","overlay-type":"","overlay-color":"","overlay-opacity":"","overlay-gradient":""},"tablet":{"background-color":"","background-image":"","background-repeat":"repeat","background-position":"center center","background-size":"auto","background-attachment":"scroll","background-type":"","background-media":"","overlay-type":"","overlay-color":"","overlay-opacity":"","overlay-gradient":""},"mobile":{"background-color":"","background-image":"","background-repeat":"repeat","background-position":"center center","background-size":"auto","background-attachment":"scroll","background-type":"","background-media":"","overlay-type":"","overlay-color":"","overlay-opacity":"","overlay-gradient":""}},"ast-content-background-meta":{"desktop":{"background-color":"var(--ast-global-color-5)","background-image":"","background-repeat":"repeat","background-position":"center center","background-size":"auto","background-attachment":"scroll","background-type":"","background-media":"","overlay-type":"","overlay-color":"","overlay-opacity":"","overlay-gradient":""},"tablet":{"background-color":"var(--ast-global-color-5)","background-image":"","background-repeat":"repeat","background-position":"center center","background-size":"auto","background-attachment":"scroll","background-type":"","background-media":"","overlay-type":"","overlay-color":"","overlay-opacity":"","overlay-gradient":""},"mobile":{"background-color":"var(--ast-global-color-5)","background-image":"","background-repeat":"repeat","background-position":"center center","background-size":"auto","background-attachment":"scroll","background-type":"","background-media":"","overlay-type":"","overlay-color":"","overlay-opacity":"","overlay-gradient":""}},"footnotes":""},"class_list":["post-1512","page","type-page","status-publish","hentry"],"_links":{"self":[{"href":"https:\/\/www.hibedanismani.com\/index.php?rest_route=\/wp\/v2\/pages\/1512","targetHints":{"allow":["GET"]}}],"collection":[{"href":"https:\/\/www.hibedanismani.com\/index.php?rest_route=\/wp\/v2\/pages"}],"about":[{"href":"https:\/\/www.hibedanismani.com\/index.php?rest_route=\/wp\/v2\/types\/page"}],"author":[{"embeddable":true,"href":"https:\/\/www.hibedanismani.com\/index.php?rest_route=\/wp\/v2\/users\/1"}],"replies":[{"embeddable":true,"href":"https:\/\/www.hibedanismani.com\/index.php?rest_route=%2Fwp%2Fv2%2Fcomments&post=1512"}],"version-history":[{"count":3,"href":"https:\/\/www.hibedanismani.com\/index.php?rest_route=\/wp\/v2\/pages\/1512\/revisions"}],"predecessor-version":[{"id":1562,"href":"https:\/\/www.hibedanismani.com\/index.php?rest_route=\/wp\/v2\/pages\/1512\/revisions\/1562"}],"wp:attachment":[{"href":"https:\/\/www.hibedanismani.com\/index.php?rest_route=%2Fwp%2Fv2%2Fmedia&parent=1512"}],"curies":[{"name":"wp","href":"https:\/\/api.w.org\/{rel}","templated":true}]}}